{"id":946,"date":"2019-03-30T16:19:08","date_gmt":"2019-03-30T15:19:08","guid":{"rendered":"http:\/\/mcbpvi.antuzzi.it\/?page_id=946"},"modified":"2019-03-30T16:38:45","modified_gmt":"2019-03-30T15:38:45","slug":"larte-della-sicurezza-in-moto","status":"publish","type":"page","link":"https:\/\/mcbpvi.antuzzi.it\/?page_id=946","title":{"rendered":"L&#8217;arte della sicurezza in moto"},"content":{"rendered":"<p><a href=\"http:\/\/mcbpvi.antuzzi.it\/wp-content\/uploads\/2019\/03\/Arte-sicurezza-in-moto.pdf\" target=\"_blank\" rel=\"noopener noreferrer\"><img loading=\"lazy\" decoding=\"async\" class=\"alignleft wp-image-943 size-medium\" src=\"http:\/\/mcbpvi.antuzzi.it\/wp-content\/uploads\/2019\/03\/Arte-sicurezza-in-moto-212x300.jpg\" alt=\"\" width=\"212\" height=\"300\" srcset=\"https:\/\/mcbpvi.antuzzi.it\/wp-content\/uploads\/2019\/03\/Arte-sicurezza-in-moto-212x300.jpg 212w, https:\/\/mcbpvi.antuzzi.it\/wp-content\/uploads\/2019\/03\/Arte-sicurezza-in-moto.jpg 722w\" sizes=\"auto, (max-width: 212px) 100vw, 212px\" \/><\/a>Questo libro \u00e8 e rimarr\u00e0 sempre a disposizione di chiunque lo voglia leggere e stampare per uso personale.<br \/>\nPu\u00f2 essere scaricato gratuitamente dal sito dell\u2019Associazione Vision Zero onlus (www.visionzero.org) senza alcun obbligo di registrazione, n\u00e9 iscrizione all\u2019associazione, n\u00e9 altro, perch\u00e9 vorrei assicurargli la massima diffusione.<br \/>\nIl suo uso \u00e8 soggetto alle seguenti limitazioni:<br \/>\n1. Non potete usare il libro o sue parti nell\u2019ambito di iniziative che hanno scopo di lucro, salvo autorizzazione scritta dell\u2019autore.<br \/>\n2. Potete usare il libro o sue parti per scopi non lucrativi, ma a condizione che siano citati il nome dell\u2019autore, il titolo dell\u2019opera e la presente avvertenza.<br \/>\nSe poi il libro vi sar\u00e0 piaciuto, vi sar\u00f2 grato se vorrete dare il vostro sostegno all\u2019Associazione.<br \/>\nBuona lettura!<br \/>\nClaudio Angeletti &#8211; 2009<\/p>\n","protected":false},"excerpt":{"rendered":"<p>Questo libro \u00e8 e rimarr\u00e0 sempre a disposizione di chiunque lo voglia leggere e stampare per uso personale. Pu\u00f2 essere scaricato gratuitamente dal sito dell\u2019Associazione Vision Zero onlus (www.visionzero.org) senza alcun obbligo di registrazione, n\u00e9 iscrizione all\u2019associazione, n\u00e9 altro, perch\u00e9 vorrei assicurargli la massima diffusione. Il suo uso \u00e8 soggetto <a class=\"more-link\" href=\"https:\/\/mcbpvi.antuzzi.it\/?page_id=946\">Leggi tutto <span class=\"screen-reader-text\">  L&#8217;arte della sicurezza in moto<\/span><span class=\"meta-nav\">&rarr;<\/span><\/a><\/p>\n","protected":false},"author":1,"featured_media":0,"parent":944,"menu_order":0,"comment_status":"closed","ping_status":"closed","template":"","meta":{"ngg_post_thumbnail":0,"footnotes":""},"class_list":["post-946","page","type-page","status-publish","hentry"],"_links":{"self":[{"href":"https:\/\/mcbpvi.antuzzi.it\/index.php?rest_route=\/wp\/v2\/pages\/946","targetHints":{"allow":["GET"]}}],"collection":[{"href":"https:\/\/mcbpvi.antuzzi.it\/index.php?rest_route=\/wp\/v2\/pages"}],"about":[{"href":"https:\/\/mcbpvi.antuzzi.it\/index.php?rest_route=\/wp\/v2\/types\/page"}],"author":[{"embeddable":true,"href":"https:\/\/mcbpvi.antuzzi.it\/index.php?rest_route=\/wp\/v2\/users\/1"}],"replies":[{"embeddable":true,"href":"https:\/\/mcbpvi.antuzzi.it\/index.php?rest_route=%2Fwp%2Fv2%2Fcomments&post=946"}],"version-history":[{"count":0,"href":"https:\/\/mcbpvi.antuzzi.it\/index.php?rest_route=\/wp\/v2\/pages\/946\/revisions"}],"up":[{"embeddable":true,"href":"https:\/\/mcbpvi.antuzzi.it\/index.php?rest_route=\/wp\/v2\/pages\/944"}],"wp:attachment":[{"href":"https:\/\/mcbpvi.antuzzi.it\/index.php?rest_route=%2Fwp%2Fv2%2Fmedia&parent=946"}],"curies":[{"name":"wp","href":"https:\/\/api.w.org\/{rel}","templated":true}]}}