{"id":31,"date":"2019-03-17T16:32:42","date_gmt":"2019-03-17T15:32:42","guid":{"rendered":"http:\/\/mcbpvi.antuzzi.it\/?page_id=31"},"modified":"2020-02-26T18:20:23","modified_gmt":"2020-02-26T17:20:23","slug":"home","status":"publish","type":"page","link":"https:\/\/mcbpvi.antuzzi.it\/","title":{"rendered":"home"},"content":{"rendered":"<p><img loading=\"lazy\" decoding=\"async\" class=\"aligncenter wp-image-236 size-large\" src=\"http:\/\/mcbpvi.antuzzi.it\/wp-content\/uploads\/2019\/03\/I_soci_del_motoclub-1024x768.jpg\" alt=\"\" width=\"530\" height=\"398\" srcset=\"https:\/\/mcbpvi.antuzzi.it\/wp-content\/uploads\/2019\/03\/I_soci_del_motoclub-1024x768.jpg 1024w, https:\/\/mcbpvi.antuzzi.it\/wp-content\/uploads\/2019\/03\/I_soci_del_motoclub-300x225.jpg 300w, https:\/\/mcbpvi.antuzzi.it\/wp-content\/uploads\/2019\/03\/I_soci_del_motoclub-768x576.jpg 768w, https:\/\/mcbpvi.antuzzi.it\/wp-content\/uploads\/2019\/03\/I_soci_del_motoclub.jpg 1200w\" sizes=\"auto, (max-width: 530px) 100vw, 530px\" \/><\/p>\n<p>Sotto il mio indirizzo web ho creato un sito per il Motoclub della Banca Popolare di Vicenza per permettere a tutti gli amici di vedere sia i percorsi ed i relativi tempi di percorrenza sia le fotografie delle gite che organizzeremo.<\/p>\n<p>Ottenuta dal CRAL aziendale l&#8217;apertura del nuovo settore &#8220;Motociclismo&#8221; il direttivo si \u00e8 posto l&#8217;obbiettivo di organizzare nella bella stagione una gita al mese, 3 o 4 di un giorno e quindi nei limiti dei 200\/350 km di raggio attorno a Vicenza, ed un paio maggiormente impegnative, di 2 o pi\u00f9 giorni, in giro per l&#8217;Italia ma anche all&#8217;estero.<\/p>\n<p>Facciamo nostro il famoso slogan di Nico Ceregini:<br \/>\n<em>casco in testa ben allacciato, luci accese anche di giorno, e prudenza, sempre! <\/em><br \/>\nma aggiungiamo:<br \/>\n<em>moto in ordine con serbatoio pieno, livello olio e pressione pneumatici controllati, abbigliamento adeguato<\/em>.<\/p>\n<p>Alessandro<br \/>\n<span style=\"font-size: 12px;\">Vicenza, aprile 2010<\/span>&nbsp;<\/p>\n<hr>\n<p>Giugno 2017 &#8211; Le attivit\u00e0 sono sospese: la Banca \u00e8 stata dichiarata in liquidazione coatta amministrativa e la rete di sportelli \u00e8 stata rilevata da Intesa Sanpaolo<\/p>\n","protected":false},"excerpt":{"rendered":"<p>Sotto il mio indirizzo web ho creato un sito per il Motoclub della Banca Popolare di Vicenza per permettere a tutti gli amici di vedere sia i percorsi ed i relativi tempi di percorrenza sia le fotografie delle gite che organizzeremo. Ottenuta dal CRAL aziendale l&#8217;apertura del nuovo settore &#8220;Motociclismo&#8221; <a class=\"more-link\" href=\"https:\/\/mcbpvi.antuzzi.it\/\">Leggi tutto <span class=\"screen-reader-text\">  home<\/span><span class=\"meta-nav\">&rarr;<\/span><\/a><\/p>\n","protected":false},"author":1,"featured_media":0,"parent":0,"menu_order":0,"comment_status":"closed","ping_status":"closed","template":"","meta":{"ngg_post_thumbnail":0,"footnotes":""},"class_list":["post-31","page","type-page","status-publish","hentry"],"_links":{"self":[{"href":"https:\/\/mcbpvi.antuzzi.it\/index.php?rest_route=\/wp\/v2\/pages\/31","targetHints":{"allow":["GET"]}}],"collection":[{"href":"https:\/\/mcbpvi.antuzzi.it\/index.php?rest_route=\/wp\/v2\/pages"}],"about":[{"href":"https:\/\/mcbpvi.antuzzi.it\/index.php?rest_route=\/wp\/v2\/types\/page"}],"author":[{"embeddable":true,"href":"https:\/\/mcbpvi.antuzzi.it\/index.php?rest_route=\/wp\/v2\/users\/1"}],"replies":[{"embeddable":true,"href":"https:\/\/mcbpvi.antuzzi.it\/index.php?rest_route=%2Fwp%2Fv2%2Fcomments&post=31"}],"version-history":[{"count":0,"href":"https:\/\/mcbpvi.antuzzi.it\/index.php?rest_route=\/wp\/v2\/pages\/31\/revisions"}],"wp:attachment":[{"href":"https:\/\/mcbpvi.antuzzi.it\/index.php?rest_route=%2Fwp%2Fv2%2Fmedia&parent=31"}],"curies":[{"name":"wp","href":"https:\/\/api.w.org\/{rel}","templated":true}]}}